{"id":337,"date":"2022-08-19T14:10:33","date_gmt":"2022-08-19T12:10:33","guid":{"rendered":"https:\/\/impt.poush-dev.be\/terms-of-use\/"},"modified":"2023-08-23T17:47:25","modified_gmt":"2023-08-23T15:47:25","slug":"mentions-legales","status":"publish","type":"page","link":"https:\/\/www.imptechnologies.eu\/fr\/mentions-legales\/","title":{"rendered":"Mentions l\u00e9gales"},"content":{"rendered":"<div class=\"wpb-content-wrapper\"><p>[vc_row css=\u00a0\u00bb.vc_custom_1692780893196{margin-top: 10vh !important;margin-bottom: 10vh !important;}\u00a0\u00bb][vc_column][vc_column_text]<\/p>\n<h1 class=\"p1\">Mentions l\u00e9gales<\/h1>\n<h3 class=\"p1\">Qui sommes-nous ?<\/h3>\n<p class=\"p5\"><strong>Innovative Material Processing Technologies<\/strong><\/p>\n<p class=\"p5\">Soci\u00e9t\u00e9 active dans le processus de raffinage pour batterie \u00e9lectrique au lithium.<\/p>\n<p>&nbsp;<\/p>\n<p class=\"p5\"><b>Mission<\/b><\/p>\n<p class=\"p5\">IMP Technologies sera \u00e0 l&rsquo;avant-garde des besoins europ\u00e9ens en mati\u00e8re d&rsquo;affinage des m\u00e9taux pour la transition \u00e9nerg\u00e9tique. Gr\u00e2ce \u00e0 des technologies de pointe, nous offrirons une cha\u00eene d&rsquo;approvisionnement et des solutions d&rsquo;affinage de haute qualit\u00e9 pour r\u00e9pondre \u00e0 la demande croissante de mat\u00e9riaux pour batteries.<\/p>\n<p class=\"p5\"><b>Contact<\/b><\/p>\n<p class=\"p5\">Innovative Material Processing Technologies<\/p>\n<p class=\"p5\">Rue de l\u2019harmonie 1<br \/>\n6810 Chiny Izel<br \/>\nLuxembourg<br \/>\nBelgique<\/p>\n<p class=\"p5\">+32 486 11 62 25<\/p>\n<p class=\"p6\"><span class=\"s1\"><a href=\"mailto:info@imptechnologies.eu\">info@imptechnologies.eu<\/a><\/span><\/p>\n<p class=\"p5\">BE0804.470.884<\/p>\n<p>&nbsp;<\/p>\n<p class=\"p5\">Innovative Material Processing Technologies s\u2019engage \u00e0 respecter la l\u00e9gislation en vigueur en Belgique et en Europe et met tout en \u0153uvre afin d\u2019emp\u00eacher tout usage non autoris\u00e9 ou illicite de vos donn\u00e9es personnelles. \u00c0 cette fin, nous utilisons des proc\u00e9dures et des syst\u00e8mes appropri\u00e9s pour que seules les personnes qui y sont autoris\u00e9es puissent acc\u00e9der \u00e0 vos informations. En outre, nous vous rappelons que ces personnes sont tenues \u00e0 un devoir de confidentialit\u00e9 dans le cadre de leur fonction.<\/p>\n<p>[\/vc_column_text][\/vc_column][\/vc_row]<\/p>\n<\/div>","protected":false},"excerpt":{"rendered":"<p>[vc_row css=\u00a0\u00bb.vc_custom_1692780893196{margin-top: 10vh !important;margin-bottom: 10vh !important;}\u00a0\u00bb][vc_column][vc_column_text] Mentions l\u00e9gales Qui sommes-nous ? Innovative Material Processing Technologies Soci\u00e9t\u00e9 active dans le processus de raffinage pour batterie \u00e9lectrique au lithium. &nbsp; Mission IMP Technologies sera \u00e0 l&rsquo;avant-garde des besoins europ\u00e9ens en mati\u00e8re d&rsquo;affinage des m\u00e9taux pour la transition \u00e9nerg\u00e9tique. Gr\u00e2ce \u00e0 des technologies de pointe, nous offrirons une&hellip;<\/p>\n","protected":false},"author":1,"featured_media":0,"parent":0,"menu_order":1000,"comment_status":"closed","ping_status":"closed","template":"","meta":{"inline_featured_image":false,"footnotes":""},"class_list":["post-337","page","type-page","status-publish","hentry","description-off"],"yoast_head":"<!-- This site is optimized with the Yoast SEO plugin v27.6 - https:\/\/yoast.com\/product\/yoast-seo-wordpress\/ -->\n<title>Mentions l\u00e9gales | IMP Technologies<\/title>\n<meta name=\"robots\" content=\"index, follow, max-snippet:-1, max-image-preview:large, max-video-preview:-1\" \/>\n<link rel=\"canonical\" href=\"https:\/\/www.imptechnologies.eu\/fr\/mentions-legales\/\" \/>\n<meta property=\"og:locale\" content=\"fr_FR\" \/>\n<meta property=\"og:type\" content=\"article\" \/>\n<meta property=\"og:title\" content=\"Mentions l\u00e9gales | IMP Technologies\" \/>\n<meta property=\"og:description\" content=\"[vc_row css=\u00a0\u00bb.vc_custom_1692780893196{margin-top: 10vh !important;margin-bottom: 10vh !important;}\u00a0\u00bb][vc_column][vc_column_text] Mentions l\u00e9gales Qui sommes-nous ? Innovative Material Processing Technologies Soci\u00e9t\u00e9 active dans le processus de raffinage pour batterie \u00e9lectrique au lithium. &nbsp; Mission IMP Technologies sera \u00e0 l&rsquo;avant-garde des besoins europ\u00e9ens en mati\u00e8re d&rsquo;affinage des m\u00e9taux pour la transition \u00e9nerg\u00e9tique. Gr\u00e2ce \u00e0 des technologies de pointe, nous offrirons une&hellip;\" \/>\n<meta property=\"og:url\" content=\"https:\/\/www.imptechnologies.eu\/fr\/mentions-legales\/\" \/>\n<meta property=\"og:site_name\" content=\"IMP Technologies\" \/>\n<meta property=\"article:modified_time\" content=\"2023-08-23T15:47:25+00:00\" \/>\n<meta name=\"twitter:card\" content=\"summary_large_image\" \/>\n<meta name=\"twitter:label1\" content=\"Dur\u00e9e de lecture estim\u00e9e\" \/>\n\t<meta name=\"twitter:data1\" content=\"1 minute\" \/>\n<script type=\"application\/ld+json\" class=\"yoast-schema-graph\">{\"@context\":\"https:\\\/\\\/schema.org\",\"@graph\":[{\"@type\":\"WebPage\",\"@id\":\"https:\\\/\\\/www.imptechnologies.eu\\\/fr\\\/mentions-legales\\\/\",\"url\":\"https:\\\/\\\/www.imptechnologies.eu\\\/fr\\\/mentions-legales\\\/\",\"name\":\"Mentions l\u00e9gales | IMP Technologies\",\"isPartOf\":{\"@id\":\"https:\\\/\\\/www.imptechnologies.eu\\\/fr\\\/#website\"},\"datePublished\":\"2022-08-19T12:10:33+00:00\",\"dateModified\":\"2023-08-23T15:47:25+00:00\",\"breadcrumb\":{\"@id\":\"https:\\\/\\\/www.imptechnologies.eu\\\/fr\\\/mentions-legales\\\/#breadcrumb\"},\"inLanguage\":\"fr-FR\",\"potentialAction\":[{\"@type\":\"ReadAction\",\"target\":[\"https:\\\/\\\/www.imptechnologies.eu\\\/fr\\\/mentions-legales\\\/\"]}]},{\"@type\":\"BreadcrumbList\",\"@id\":\"https:\\\/\\\/www.imptechnologies.eu\\\/fr\\\/mentions-legales\\\/#breadcrumb\",\"itemListElement\":[{\"@type\":\"ListItem\",\"position\":1,\"name\":\"Accueil\",\"item\":\"https:\\\/\\\/www.imptechnologies.eu\\\/fr\\\/\"},{\"@type\":\"ListItem\",\"position\":2,\"name\":\"Mentions l\u00e9gales\"}]},{\"@type\":\"WebSite\",\"@id\":\"https:\\\/\\\/www.imptechnologies.eu\\\/fr\\\/#website\",\"url\":\"https:\\\/\\\/www.imptechnologies.eu\\\/fr\\\/\",\"name\":\"IMP Technologies\",\"description\":\"\",\"potentialAction\":[{\"@type\":\"SearchAction\",\"target\":{\"@type\":\"EntryPoint\",\"urlTemplate\":\"https:\\\/\\\/www.imptechnologies.eu\\\/fr\\\/?s={search_term_string}\"},\"query-input\":{\"@type\":\"PropertyValueSpecification\",\"valueRequired\":true,\"valueName\":\"search_term_string\"}}],\"inLanguage\":\"fr-FR\"}]}<\/script>\n<!-- \/ Yoast SEO plugin. -->","yoast_head_json":{"title":"Mentions l\u00e9gales | IMP Technologies","robots":{"index":"index","follow":"follow","max-snippet":"max-snippet:-1","max-image-preview":"max-image-preview:large","max-video-preview":"max-video-preview:-1"},"canonical":"https:\/\/www.imptechnologies.eu\/fr\/mentions-legales\/","og_locale":"fr_FR","og_type":"article","og_title":"Mentions l\u00e9gales | IMP Technologies","og_description":"[vc_row css=\u00a0\u00bb.vc_custom_1692780893196{margin-top: 10vh !important;margin-bottom: 10vh !important;}\u00a0\u00bb][vc_column][vc_column_text] Mentions l\u00e9gales Qui sommes-nous ? Innovative Material Processing Technologies Soci\u00e9t\u00e9 active dans le processus de raffinage pour batterie \u00e9lectrique au lithium. &nbsp; Mission IMP Technologies sera \u00e0 l&rsquo;avant-garde des besoins europ\u00e9ens en mati\u00e8re d&rsquo;affinage des m\u00e9taux pour la transition \u00e9nerg\u00e9tique. Gr\u00e2ce \u00e0 des technologies de pointe, nous offrirons une&hellip;","og_url":"https:\/\/www.imptechnologies.eu\/fr\/mentions-legales\/","og_site_name":"IMP Technologies","article_modified_time":"2023-08-23T15:47:25+00:00","twitter_card":"summary_large_image","twitter_misc":{"Dur\u00e9e de lecture estim\u00e9e":"1 minute"},"schema":{"@context":"https:\/\/schema.org","@graph":[{"@type":"WebPage","@id":"https:\/\/www.imptechnologies.eu\/fr\/mentions-legales\/","url":"https:\/\/www.imptechnologies.eu\/fr\/mentions-legales\/","name":"Mentions l\u00e9gales | IMP Technologies","isPartOf":{"@id":"https:\/\/www.imptechnologies.eu\/fr\/#website"},"datePublished":"2022-08-19T12:10:33+00:00","dateModified":"2023-08-23T15:47:25+00:00","breadcrumb":{"@id":"https:\/\/www.imptechnologies.eu\/fr\/mentions-legales\/#breadcrumb"},"inLanguage":"fr-FR","potentialAction":[{"@type":"ReadAction","target":["https:\/\/www.imptechnologies.eu\/fr\/mentions-legales\/"]}]},{"@type":"BreadcrumbList","@id":"https:\/\/www.imptechnologies.eu\/fr\/mentions-legales\/#breadcrumb","itemListElement":[{"@type":"ListItem","position":1,"name":"Accueil","item":"https:\/\/www.imptechnologies.eu\/fr\/"},{"@type":"ListItem","position":2,"name":"Mentions l\u00e9gales"}]},{"@type":"WebSite","@id":"https:\/\/www.imptechnologies.eu\/fr\/#website","url":"https:\/\/www.imptechnologies.eu\/fr\/","name":"IMP Technologies","description":"","potentialAction":[{"@type":"SearchAction","target":{"@type":"EntryPoint","urlTemplate":"https:\/\/www.imptechnologies.eu\/fr\/?s={search_term_string}"},"query-input":{"@type":"PropertyValueSpecification","valueRequired":true,"valueName":"search_term_string"}}],"inLanguage":"fr-FR"}]}},"_links":{"self":[{"href":"https:\/\/www.imptechnologies.eu\/fr\/wp-json\/wp\/v2\/pages\/337","targetHints":{"allow":["GET"]}}],"collection":[{"href":"https:\/\/www.imptechnologies.eu\/fr\/wp-json\/wp\/v2\/pages"}],"about":[{"href":"https:\/\/www.imptechnologies.eu\/fr\/wp-json\/wp\/v2\/types\/page"}],"author":[{"embeddable":true,"href":"https:\/\/www.imptechnologies.eu\/fr\/wp-json\/wp\/v2\/users\/1"}],"replies":[{"embeddable":true,"href":"https:\/\/www.imptechnologies.eu\/fr\/wp-json\/wp\/v2\/comments?post=337"}],"version-history":[{"count":4,"href":"https:\/\/www.imptechnologies.eu\/fr\/wp-json\/wp\/v2\/pages\/337\/revisions"}],"predecessor-version":[{"id":368,"href":"https:\/\/www.imptechnologies.eu\/fr\/wp-json\/wp\/v2\/pages\/337\/revisions\/368"}],"wp:attachment":[{"href":"https:\/\/www.imptechnologies.eu\/fr\/wp-json\/wp\/v2\/media?parent=337"}],"curies":[{"name":"wp","href":"https:\/\/api.w.org\/{rel}","templated":true}]}}