{"id":342,"date":"2022-08-19T14:10:33","date_gmt":"2022-08-19T12:10:33","guid":{"rendered":"https:\/\/impt.poush-dev.be\/mentions-legales\/"},"modified":"2023-08-23T17:46:20","modified_gmt":"2023-08-23T15:46:20","slug":"aviso-legal","status":"publish","type":"page","link":"https:\/\/www.imptechnologies.eu\/es\/aviso-legal\/","title":{"rendered":"Aviso legal"},"content":{"rendered":"<div class=\"wpb-content-wrapper\"><p>[vc_row css=\u00bb.vc_custom_1692780893196{margin-top: 10vh !important;margin-bottom: 10vh !important;}\u00bb][vc_column][vc_column_text]<\/p>\n<h1>Aviso legal<\/h1>\n<h3>\u00bfQui\u00e9nes somos?<\/h3>\n<p>Tecnolog\u00edas Innovadoras de Procesamiento de Materiales<\/p>\n<p>Empresa activa en el proceso de refinamiento para bater\u00edas el\u00e9ctricas de litio.<\/p>\n<p><strong>Misi\u00f3n<\/strong><\/p>\n<p>IMP Technologies se situar\u00e1 a la vanguardia de las necesidades europeas de refinado de metales para la transici\u00f3n energ\u00e9tica. Con tecnolog\u00edas de vanguardia, ofreceremos soluciones de refinado y cadena de suministro de alta calidad para satisfacer la creciente demanda de materiales para bater\u00edas.<\/p>\n<p><strong>Contacto<\/strong><\/p>\n<p>Tecnolog\u00edas Innovadoras de Procesamiento de Materiales<\/p>\n<p>Rue de l\u2019harmonie 1<br \/>\n6810 Chiny Izel<br \/>\nLuxembourg<br \/>\nBelgique<\/p>\n<p>+32 486 11 62 25<\/p>\n<p><a href=\"mailto:info@imptechnologies.eu\" target=\"_new\" rel=\"noopener\">info@imptechnologies.eu<\/a><\/p>\n<p>BE0804.470.884<\/p>\n<p>Tecnolog\u00edas Innovadoras de Procesamiento de Materiales se compromete a cumplir con la legislaci\u00f3n vigente en B\u00e9lgica y Europa, y hace todo lo posible para evitar cualquier uso no autorizado o il\u00edcito de sus datos personales. Con este fin, utilizamos procedimientos y sistemas adecuados para que solo las personas autorizadas puedan acceder a su informaci\u00f3n. Adem\u00e1s, les recordamos que estas personas est\u00e1n obligadas a mantener la confidencialidad en el marco de sus funciones.[\/vc_column_text][\/vc_column][\/vc_row]<\/p>\n<\/div>","protected":false},"excerpt":{"rendered":"<p>[vc_row css=\u00bb.vc_custom_1692780893196{margin-top: 10vh !important;margin-bottom: 10vh !important;}\u00bb][vc_column][vc_column_text] Aviso legal \u00bfQui\u00e9nes somos? Tecnolog\u00edas Innovadoras de Procesamiento de Materiales Empresa activa en el proceso de refinamiento para bater\u00edas el\u00e9ctricas de litio. Misi\u00f3n IMP Technologies se situar\u00e1 a la vanguardia de las necesidades europeas de refinado de metales para la transici\u00f3n energ\u00e9tica. Con tecnolog\u00edas de vanguardia, ofreceremos soluciones de&hellip;<\/p>\n","protected":false},"author":1,"featured_media":0,"parent":0,"menu_order":1000,"comment_status":"closed","ping_status":"closed","template":"","meta":{"inline_featured_image":false,"footnotes":""},"class_list":["post-342","page","type-page","status-publish","hentry","description-off"],"yoast_head":"<!-- This site is optimized with the Yoast SEO plugin v27.6 - https:\/\/yoast.com\/product\/yoast-seo-wordpress\/ -->\n<title>Aviso legal | IMP Technologies<\/title>\n<meta name=\"robots\" content=\"index, follow, max-snippet:-1, max-image-preview:large, max-video-preview:-1\" \/>\n<link rel=\"canonical\" href=\"https:\/\/www.imptechnologies.eu\/es\/aviso-legal\/\" \/>\n<meta property=\"og:locale\" content=\"es_ES\" \/>\n<meta property=\"og:type\" content=\"article\" \/>\n<meta property=\"og:title\" content=\"Aviso legal | IMP Technologies\" \/>\n<meta property=\"og:description\" content=\"[vc_row css=\u00bb.vc_custom_1692780893196{margin-top: 10vh !important;margin-bottom: 10vh !important;}\u00bb][vc_column][vc_column_text] Aviso legal \u00bfQui\u00e9nes somos? Tecnolog\u00edas Innovadoras de Procesamiento de Materiales Empresa activa en el proceso de refinamiento para bater\u00edas el\u00e9ctricas de litio. Misi\u00f3n IMP Technologies se situar\u00e1 a la vanguardia de las necesidades europeas de refinado de metales para la transici\u00f3n energ\u00e9tica. Con tecnolog\u00edas de vanguardia, ofreceremos soluciones de&hellip;\" \/>\n<meta property=\"og:url\" content=\"https:\/\/www.imptechnologies.eu\/es\/aviso-legal\/\" \/>\n<meta property=\"og:site_name\" content=\"IMP Technologies\" \/>\n<meta property=\"article:modified_time\" content=\"2023-08-23T15:46:20+00:00\" \/>\n<meta name=\"twitter:card\" content=\"summary_large_image\" \/>\n<meta name=\"twitter:label1\" content=\"Tiempo de lectura\" \/>\n\t<meta name=\"twitter:data1\" content=\"1 minuto\" \/>\n<script type=\"application\/ld+json\" class=\"yoast-schema-graph\">{\"@context\":\"https:\\\/\\\/schema.org\",\"@graph\":[{\"@type\":\"WebPage\",\"@id\":\"https:\\\/\\\/www.imptechnologies.eu\\\/es\\\/aviso-legal\\\/\",\"url\":\"https:\\\/\\\/www.imptechnologies.eu\\\/es\\\/aviso-legal\\\/\",\"name\":\"Aviso legal | IMP Technologies\",\"isPartOf\":{\"@id\":\"https:\\\/\\\/www.imptechnologies.eu\\\/es\\\/#website\"},\"datePublished\":\"2022-08-19T12:10:33+00:00\",\"dateModified\":\"2023-08-23T15:46:20+00:00\",\"breadcrumb\":{\"@id\":\"https:\\\/\\\/www.imptechnologies.eu\\\/es\\\/aviso-legal\\\/#breadcrumb\"},\"inLanguage\":\"es\",\"potentialAction\":[{\"@type\":\"ReadAction\",\"target\":[\"https:\\\/\\\/www.imptechnologies.eu\\\/es\\\/aviso-legal\\\/\"]}]},{\"@type\":\"BreadcrumbList\",\"@id\":\"https:\\\/\\\/www.imptechnologies.eu\\\/es\\\/aviso-legal\\\/#breadcrumb\",\"itemListElement\":[{\"@type\":\"ListItem\",\"position\":1,\"name\":\"Accueil\",\"item\":\"https:\\\/\\\/www.imptechnologies.eu\\\/es\\\/\"},{\"@type\":\"ListItem\",\"position\":2,\"name\":\"Aviso legal\"}]},{\"@type\":\"WebSite\",\"@id\":\"https:\\\/\\\/www.imptechnologies.eu\\\/es\\\/#website\",\"url\":\"https:\\\/\\\/www.imptechnologies.eu\\\/es\\\/\",\"name\":\"IMP Technologies\",\"description\":\"\",\"potentialAction\":[{\"@type\":\"SearchAction\",\"target\":{\"@type\":\"EntryPoint\",\"urlTemplate\":\"https:\\\/\\\/www.imptechnologies.eu\\\/es\\\/?s={search_term_string}\"},\"query-input\":{\"@type\":\"PropertyValueSpecification\",\"valueRequired\":true,\"valueName\":\"search_term_string\"}}],\"inLanguage\":\"es\"}]}<\/script>\n<!-- \/ Yoast SEO plugin. -->","yoast_head_json":{"title":"Aviso legal | IMP Technologies","robots":{"index":"index","follow":"follow","max-snippet":"max-snippet:-1","max-image-preview":"max-image-preview:large","max-video-preview":"max-video-preview:-1"},"canonical":"https:\/\/www.imptechnologies.eu\/es\/aviso-legal\/","og_locale":"es_ES","og_type":"article","og_title":"Aviso legal | IMP Technologies","og_description":"[vc_row css=\u00bb.vc_custom_1692780893196{margin-top: 10vh !important;margin-bottom: 10vh !important;}\u00bb][vc_column][vc_column_text] Aviso legal \u00bfQui\u00e9nes somos? Tecnolog\u00edas Innovadoras de Procesamiento de Materiales Empresa activa en el proceso de refinamiento para bater\u00edas el\u00e9ctricas de litio. Misi\u00f3n IMP Technologies se situar\u00e1 a la vanguardia de las necesidades europeas de refinado de metales para la transici\u00f3n energ\u00e9tica. Con tecnolog\u00edas de vanguardia, ofreceremos soluciones de&hellip;","og_url":"https:\/\/www.imptechnologies.eu\/es\/aviso-legal\/","og_site_name":"IMP Technologies","article_modified_time":"2023-08-23T15:46:20+00:00","twitter_card":"summary_large_image","twitter_misc":{"Tiempo de lectura":"1 minuto"},"schema":{"@context":"https:\/\/schema.org","@graph":[{"@type":"WebPage","@id":"https:\/\/www.imptechnologies.eu\/es\/aviso-legal\/","url":"https:\/\/www.imptechnologies.eu\/es\/aviso-legal\/","name":"Aviso legal | IMP Technologies","isPartOf":{"@id":"https:\/\/www.imptechnologies.eu\/es\/#website"},"datePublished":"2022-08-19T12:10:33+00:00","dateModified":"2023-08-23T15:46:20+00:00","breadcrumb":{"@id":"https:\/\/www.imptechnologies.eu\/es\/aviso-legal\/#breadcrumb"},"inLanguage":"es","potentialAction":[{"@type":"ReadAction","target":["https:\/\/www.imptechnologies.eu\/es\/aviso-legal\/"]}]},{"@type":"BreadcrumbList","@id":"https:\/\/www.imptechnologies.eu\/es\/aviso-legal\/#breadcrumb","itemListElement":[{"@type":"ListItem","position":1,"name":"Accueil","item":"https:\/\/www.imptechnologies.eu\/es\/"},{"@type":"ListItem","position":2,"name":"Aviso legal"}]},{"@type":"WebSite","@id":"https:\/\/www.imptechnologies.eu\/es\/#website","url":"https:\/\/www.imptechnologies.eu\/es\/","name":"IMP Technologies","description":"","potentialAction":[{"@type":"SearchAction","target":{"@type":"EntryPoint","urlTemplate":"https:\/\/www.imptechnologies.eu\/es\/?s={search_term_string}"},"query-input":{"@type":"PropertyValueSpecification","valueRequired":true,"valueName":"search_term_string"}}],"inLanguage":"es"}]}},"_links":{"self":[{"href":"https:\/\/www.imptechnologies.eu\/es\/wp-json\/wp\/v2\/pages\/342","targetHints":{"allow":["GET"]}}],"collection":[{"href":"https:\/\/www.imptechnologies.eu\/es\/wp-json\/wp\/v2\/pages"}],"about":[{"href":"https:\/\/www.imptechnologies.eu\/es\/wp-json\/wp\/v2\/types\/page"}],"author":[{"embeddable":true,"href":"https:\/\/www.imptechnologies.eu\/es\/wp-json\/wp\/v2\/users\/1"}],"replies":[{"embeddable":true,"href":"https:\/\/www.imptechnologies.eu\/es\/wp-json\/wp\/v2\/comments?post=342"}],"version-history":[{"count":3,"href":"https:\/\/www.imptechnologies.eu\/es\/wp-json\/wp\/v2\/pages\/342\/revisions"}],"predecessor-version":[{"id":366,"href":"https:\/\/www.imptechnologies.eu\/es\/wp-json\/wp\/v2\/pages\/342\/revisions\/366"}],"wp:attachment":[{"href":"https:\/\/www.imptechnologies.eu\/es\/wp-json\/wp\/v2\/media?parent=342"}],"curies":[{"name":"wp","href":"https:\/\/api.w.org\/{rel}","templated":true}]}}